{"id":121,"date":"2022-04-06T05:58:26","date_gmt":"2022-04-06T05:58:26","guid":{"rendered":"https:\/\/boehmerlangi.de\/?page_id=121"},"modified":"2025-12-16T15:33:47","modified_gmt":"2025-12-16T15:33:47","slug":"impressum","status":"publish","type":"page","link":"https:\/\/boehmerlangi.de\/?page_id=121","title":{"rendered":"Impressum"},"content":{"rendered":"\n<p><strong>Anbieterkennzeichnung<\/strong>:<\/p>\n\n\n\n<p>Thomas Lang<br>c\/o flexdienst \u2013 #12153<br>Kurt-Schumacher-Stra\u00dfe 76<br>67663 Kaiserslautern<br>Deutschland<\/p>\n\n\n\n<p><strong>Funk<\/strong>:<\/p>\n\n\n\n<p>+49  177 2903209<\/p>\n\n\n\n<p><strong>E-Mail<\/strong>:<\/p>\n\n\n\n<p><a href=\"mailto:info@boehmerlangi.de\" target=\"_blank\" rel=\"noreferrer noopener\">info@boehmerlangi.de<\/a><\/p>\n\n\n\n<p><strong>Website<\/strong>:<\/p>\n\n\n\n<p><a href=\"https:\/\/www.boehmerlangi.de\" target=\"_blank\" rel=\"noreferrer noopener\">https:\/\/www.boehmerlangi.de<\/a><\/p>\n\n\n\n<p><strong>Inhaltlich Verantwortlicher gem\u00e4\u00df \u00a7 6 MDStV<\/strong>:<\/p>\n\n\n\n<p>Thomas Lang<\/p>\n\n\n\n<p><strong>Haftungshinweis<\/strong>: Trotz sorgf\u00e4ltiger inhaltlicher Kontrolle \u00fcbernehmen wir keine Haftung f\u00fcr die Inhalte externer Links. F\u00fcr den Inhalt der verlinkten Seiten sind ausschlie\u00dflich deren Betreiber verantwortlich.<\/p>\n\n\n\n<p><\/p>\n\n\n\n<p><strong>Datenschutz<\/strong>:<\/p>\n\n\n\n<p>Auf dieser Website werden keine Daten gesammelt wie z.B. mit Google Analytics.<\/p>\n","protected":false},"excerpt":{"rendered":"<p>Anbieterkennzeichnung: Thomas Langc\/o flexdienst \u2013 #12153Kurt-Schumacher-Stra\u00dfe 7667663 KaiserslauternDeutschland Funk: +49 177 2903209 E-Mail: info@boehmerlangi.de Website: https:\/\/www.boehmerlangi.de Inhaltlich Verantwortlicher gem\u00e4\u00df \u00a7 6 MDStV: Thomas Lang Haftungshinweis: Trotz sorgf\u00e4ltiger inhaltlicher Kontrolle \u00fcbernehmen wir keine Haftung f\u00fcr die Inhalte externer Links. F\u00fcr den Inhalt der verlinkten Seiten sind ausschlie\u00dflich deren Betreiber verantwortlich. Datenschutz: Auf dieser Website werden keine [&hellip;]<\/p>\n","protected":false},"author":1,"featured_media":0,"parent":0,"menu_order":0,"comment_status":"closed","ping_status":"closed","template":"","meta":{"footnotes":""},"class_list":["post-121","page","type-page","status-publish","hentry"],"_links":{"self":[{"href":"https:\/\/boehmerlangi.de\/index.php?rest_route=\/wp\/v2\/pages\/121","targetHints":{"allow":["GET"]}}],"collection":[{"href":"https:\/\/boehmerlangi.de\/index.php?rest_route=\/wp\/v2\/pages"}],"about":[{"href":"https:\/\/boehmerlangi.de\/index.php?rest_route=\/wp\/v2\/types\/page"}],"author":[{"embeddable":true,"href":"https:\/\/boehmerlangi.de\/index.php?rest_route=\/wp\/v2\/users\/1"}],"replies":[{"embeddable":true,"href":"https:\/\/boehmerlangi.de\/index.php?rest_route=%2Fwp%2Fv2%2Fcomments&post=121"}],"version-history":[{"count":6,"href":"https:\/\/boehmerlangi.de\/index.php?rest_route=\/wp\/v2\/pages\/121\/revisions"}],"predecessor-version":[{"id":378,"href":"https:\/\/boehmerlangi.de\/index.php?rest_route=\/wp\/v2\/pages\/121\/revisions\/378"}],"wp:attachment":[{"href":"https:\/\/boehmerlangi.de\/index.php?rest_route=%2Fwp%2Fv2%2Fmedia&parent=121"}],"curies":[{"name":"wp","href":"https:\/\/api.w.org\/{rel}","templated":true}]}}