{"id":240,"date":"2024-12-01T17:55:17","date_gmt":"2024-12-01T17:55:17","guid":{"rendered":"https:\/\/boehmerlangi.de\/?page_id=240"},"modified":"2026-04-06T08:43:35","modified_gmt":"2026-04-06T08:43:35","slug":"termine-2025","status":"publish","type":"page","link":"https:\/\/boehmerlangi.de\/?page_id=240","title":{"rendered":"Termine"},"content":{"rendered":"\n<p>R\u00fcckblick <a href=\"https:\/\/boehmerlangi.de\/?page_id=41\" data-type=\"page\" data-id=\"41\">2024<\/a> <a href=\"https:\/\/boehmerlangi.de\/?page_id=392\" data-type=\"page\" data-id=\"392\">2025<\/a><\/p>\n\n\n\n<hr class=\"wp-block-separator has-alpha-channel-opacity\"\/>\n\n\n\n<p style=\"font-size:25px\">11. April 2026, 18:00 Uhr, <a href=\"https:\/\/museen.de\/haus-der-erzgebirgischen-tradition-deutschneudorf.html\" target=\"_blank\" rel=\"noreferrer noopener\">Museum Alte Schule<\/a>, Deutschneudorf<\/p>\n\n\n\n<p style=\"font-size:24px\"><strong>GESCHLOSSENE VERANSTALTUNG F\u00dcR MITGLIEDER DES ERZGEBIRSZWEIGVEREINS DEUTSCHNEUDORF<\/strong><\/p>\n\n\n\n<p class=\"has-text-align-center\" style=\"font-size:28px\"><strong>Anton G\u00fcnther &#8211; sein Leben &#8211; seine Lieder<\/strong><\/p>\n\n\n<div class=\"wp-block-image\">\n<figure class=\"aligncenter size-full is-resized\"><img loading=\"lazy\" decoding=\"async\" width=\"881\" height=\"651\" src=\"https:\/\/boehmerlangi.de\/wp-content\/uploads\/2026\/04\/GeschlossenVeranstaltungGelb.jpg\" alt=\"\" class=\"wp-image-498\" style=\"width:300px\" srcset=\"https:\/\/boehmerlangi.de\/wp-content\/uploads\/2026\/04\/GeschlossenVeranstaltungGelb.jpg 881w, https:\/\/boehmerlangi.de\/wp-content\/uploads\/2026\/04\/GeschlossenVeranstaltungGelb-300x222.jpg 300w, https:\/\/boehmerlangi.de\/wp-content\/uploads\/2026\/04\/GeschlossenVeranstaltungGelb-768x568.jpg 768w\" sizes=\"auto, (max-width: 881px) 100vw, 881px\" \/><\/figure>\n<\/div>\n\n\n<p style=\"font-size:28px\"><\/p>\n\n\n\n<hr class=\"wp-block-separator has-alpha-channel-opacity\"\/>\n\n\n\n<p style=\"font-size:26px\">16.04.2026, 19:00 Uhr, &#8222;<a href=\"https:\/\/maps.app.goo.gl\/oFEXtmWe6yWfAWyG6\" target=\"_blank\" rel=\"noreferrer noopener\">Mittelpunkt<\/a>&#8220; in Mittelbach bei Chemnitz<\/p>\n\n\n\n<p class=\"has-text-align-center\" style=\"font-size:28px\"><strong>Anton G\u00fcnther &#8211; sein Leben &#8211; seine Lieder<\/strong><\/p>\n\n\n<div class=\"wp-block-image\">\n<figure class=\"aligncenter size-large is-resized\"><img loading=\"lazy\" decoding=\"async\" width=\"1024\" height=\"605\" src=\"https:\/\/boehmerlangi.de\/wp-content\/uploads\/2026\/01\/AG_GitarreFarbe_big2200_shadow-1024x605.png\" alt=\"\" class=\"wp-image-404\" style=\"width:500px\" srcset=\"https:\/\/boehmerlangi.de\/wp-content\/uploads\/2026\/01\/AG_GitarreFarbe_big2200_shadow-1024x605.png 1024w, https:\/\/boehmerlangi.de\/wp-content\/uploads\/2026\/01\/AG_GitarreFarbe_big2200_shadow-300x177.png 300w, https:\/\/boehmerlangi.de\/wp-content\/uploads\/2026\/01\/AG_GitarreFarbe_big2200_shadow-768x453.png 768w, https:\/\/boehmerlangi.de\/wp-content\/uploads\/2026\/01\/AG_GitarreFarbe_big2200_shadow-1536x907.png 1536w, https:\/\/boehmerlangi.de\/wp-content\/uploads\/2026\/01\/AG_GitarreFarbe_big2200_shadow-2048x1209.png 2048w\" sizes=\"auto, (max-width: 1024px) 100vw, 1024px\" \/><\/figure>\n<\/div>\n\n\n<hr class=\"wp-block-separator has-alpha-channel-opacity\"\/>\n\n\n\n<p style=\"font-size:26px\">13.06.2026, 12:00 Uhr, Signierstunde des Autors von &#8222;<a href=\"https:\/\/www.tschirner-co.de\/produkte\/de-draakschenk\" target=\"_blank\" rel=\"noreferrer noopener\">Da Draaksch\u00e4nk<\/a>&#8220; und &#8222;<a href=\"https:\/\/www.tschirner-co.de\/produkte\/das-boehmische-erzgebirge-band-1-westliches-erzgebirge-elstergebirge\" target=\"_blank\" rel=\"noreferrer noopener\">Das B\u00f6hmische Erzgebirge &#8211; der Westen<\/a>&#8220; B\u00f6hmerlangi (Thomas Lang) &#8211; direkt an der <a href=\"https:\/\/www.dreckschanke.cz\/de\/\" target=\"_blank\" rel=\"noreferrer noopener\">Drecksch\u00e4nke<\/a><\/p>\n\n\n\n<p class=\"has-text-align-center\" style=\"font-size:28px\"><strong>Benefizveranstaltung: Wiederaufbau Drecksch\u00e4nke<\/strong><\/p>\n\n\n<div class=\"wp-block-image\">\n<figure class=\"aligncenter size-full is-resized\"><img loading=\"lazy\" decoding=\"async\" width=\"1735\" height=\"2560\" src=\"https:\/\/boehmerlangi.de\/wp-content\/uploads\/2026\/01\/Langi_signiert2-scaled.jpg\" alt=\"\" class=\"wp-image-408\" style=\"object-fit:cover;width:300px;height:400px\" srcset=\"https:\/\/boehmerlangi.de\/wp-content\/uploads\/2026\/01\/Langi_signiert2-scaled.jpg 1735w, https:\/\/boehmerlangi.de\/wp-content\/uploads\/2026\/01\/Langi_signiert2-203x300.jpg 203w, https:\/\/boehmerlangi.de\/wp-content\/uploads\/2026\/01\/Langi_signiert2-694x1024.jpg 694w, https:\/\/boehmerlangi.de\/wp-content\/uploads\/2026\/01\/Langi_signiert2-768x1133.jpg 768w, https:\/\/boehmerlangi.de\/wp-content\/uploads\/2026\/01\/Langi_signiert2-1041x1536.jpg 1041w, https:\/\/boehmerlangi.de\/wp-content\/uploads\/2026\/01\/Langi_signiert2-1388x2048.jpg 1388w\" sizes=\"auto, (max-width: 1735px) 100vw, 1735px\" \/><\/figure>\n<\/div>\n\n\n<hr class=\"wp-block-separator has-alpha-channel-opacity\"\/>\n\n\n\n<p style=\"font-size:26px\">03.07.2026, 18:00 Uhr, Gasthof Tannenberg bei Annaberg-Buchholz <\/p>\n\n\n\n<p class=\"has-text-align-center\" style=\"font-size:28px\"><strong>Anton G\u00fcnther &#8211; sein Leben &#8211; seine Lieder<\/strong><\/p>\n\n\n<div class=\"wp-block-image\">\n<figure class=\"aligncenter size-large is-resized\"><img loading=\"lazy\" decoding=\"async\" width=\"1024\" height=\"699\" src=\"https:\/\/boehmerlangi.de\/wp-content\/uploads\/2026\/01\/AGuenther_Leben_Lieder__shadow-1024x699.png\" alt=\"\" class=\"wp-image-406\" style=\"width:500px\" srcset=\"https:\/\/boehmerlangi.de\/wp-content\/uploads\/2026\/01\/AGuenther_Leben_Lieder__shadow-1024x699.png 1024w, https:\/\/boehmerlangi.de\/wp-content\/uploads\/2026\/01\/AGuenther_Leben_Lieder__shadow-300x205.png 300w, https:\/\/boehmerlangi.de\/wp-content\/uploads\/2026\/01\/AGuenther_Leben_Lieder__shadow-768x524.png 768w, https:\/\/boehmerlangi.de\/wp-content\/uploads\/2026\/01\/AGuenther_Leben_Lieder__shadow-1536x1049.png 1536w, https:\/\/boehmerlangi.de\/wp-content\/uploads\/2026\/01\/AGuenther_Leben_Lieder__shadow-2048x1398.png 2048w\" sizes=\"auto, (max-width: 1024px) 100vw, 1024px\" \/><\/figure>\n<\/div>\n\n\n<hr class=\"wp-block-separator has-alpha-channel-opacity\"\/>\n\n\n\n<p style=\"font-size:26px\">25.07.2026, 11:00 und 14:00 Uhr, St. Anna Kirche Gottesgab\/Bo\u017e\u00ed Dar<\/p>\n\n\n\n<p class=\"has-text-align-center\" style=\"font-size:28px\"><strong>Anton G\u00fcnther &#8211; sein Leben &#8211; seine Lieder<\/strong> <strong>\/  jeho \u017eivot \u2013 jeho p\u00edsn\u011b<\/strong><\/p>\n\n\n<div class=\"wp-block-image\">\n<figure class=\"aligncenter size-large is-resized\"><img loading=\"lazy\" decoding=\"async\" width=\"1024\" height=\"605\" src=\"https:\/\/boehmerlangi.de\/wp-content\/uploads\/2026\/01\/AG_GitarreFarbe_big2200_shadow-1024x605.png\" alt=\"\" class=\"wp-image-404\" style=\"width:500px\" srcset=\"https:\/\/boehmerlangi.de\/wp-content\/uploads\/2026\/01\/AG_GitarreFarbe_big2200_shadow-1024x605.png 1024w, https:\/\/boehmerlangi.de\/wp-content\/uploads\/2026\/01\/AG_GitarreFarbe_big2200_shadow-300x177.png 300w, https:\/\/boehmerlangi.de\/wp-content\/uploads\/2026\/01\/AG_GitarreFarbe_big2200_shadow-768x453.png 768w, https:\/\/boehmerlangi.de\/wp-content\/uploads\/2026\/01\/AG_GitarreFarbe_big2200_shadow-1536x907.png 1536w, https:\/\/boehmerlangi.de\/wp-content\/uploads\/2026\/01\/AG_GitarreFarbe_big2200_shadow-2048x1209.png 2048w\" sizes=\"auto, (max-width: 1024px) 100vw, 1024px\" \/><\/figure>\n<\/div>\n\n\n<p><\/p>\n\n\n\n<hr class=\"wp-block-separator has-alpha-channel-opacity\"\/>\n\n\n\n<p style=\"font-size:26px\">14.08.2026, 17:00 Uhr, <a href=\"https:\/\/kirche-altenberg.de\/kirche-zinnwald\/\" target=\"_blank\" rel=\"noreferrer noopener\">Exulantenkirche Zinnwald<\/a> zum Grenzbuchenfest<\/p>\n\n\n\n<p class=\"has-text-align-center\" style=\"font-size:28px\"><strong>Anton G\u00fcnther &#8211; sein Leben &#8211; seine Lieder<\/strong><\/p>\n\n\n<div class=\"wp-block-image\">\n<figure class=\"aligncenter size-large is-resized\"><img loading=\"lazy\" decoding=\"async\" width=\"1024\" height=\"699\" src=\"https:\/\/boehmerlangi.de\/wp-content\/uploads\/2026\/01\/AGuenther_Leben_Lieder__shadow-1024x699.png\" alt=\"\" class=\"wp-image-406\" style=\"width:500px\" srcset=\"https:\/\/boehmerlangi.de\/wp-content\/uploads\/2026\/01\/AGuenther_Leben_Lieder__shadow-1024x699.png 1024w, https:\/\/boehmerlangi.de\/wp-content\/uploads\/2026\/01\/AGuenther_Leben_Lieder__shadow-300x205.png 300w, https:\/\/boehmerlangi.de\/wp-content\/uploads\/2026\/01\/AGuenther_Leben_Lieder__shadow-768x524.png 768w, https:\/\/boehmerlangi.de\/wp-content\/uploads\/2026\/01\/AGuenther_Leben_Lieder__shadow-1536x1049.png 1536w, https:\/\/boehmerlangi.de\/wp-content\/uploads\/2026\/01\/AGuenther_Leben_Lieder__shadow-2048x1398.png 2048w\" sizes=\"auto, (max-width: 1024px) 100vw, 1024px\" \/><\/figure>\n<\/div>\n\n\n<hr class=\"wp-block-separator has-alpha-channel-opacity\"\/>\n\n\n\n<p style=\"font-size:26px\">13.09.2026, <a href=\"https:\/\/erzgebirgsgaststaette.de\/\" target=\"_blank\" rel=\"noreferrer noopener\">Haus des Gastes in Bermsgr\u00fcn<\/a><\/p>\n\n\n\n<p class=\"has-text-align-center\" style=\"font-size:28px\"><strong>Anton G\u00fcnther &#8211; sein Leben &#8211; seine Lieder<\/strong><\/p>\n\n\n\n<hr class=\"wp-block-separator has-alpha-channel-opacity\"\/>\n\n\n\n<p style=\"font-size:26px\">06.11.2026, 18:30 Uhr, <a href=\"https:\/\/www.facebook.com\/AmbrossGut\/?locale=de_DE\" target=\"_blank\" rel=\"noreferrer noopener\">AbrossGut Sch\u00f6nbrunn<\/a><\/p>\n\n\n\n<p class=\"has-text-align-center\" style=\"font-size:28px\"><strong>Anton G\u00fcnther &#8211; sein Leben &#8211; seine Lieder<\/strong><\/p>\n\n\n<div class=\"wp-block-image\">\n<figure class=\"aligncenter size-full is-resized\"><img loading=\"lazy\" decoding=\"async\" width=\"707\" height=\"1000\" src=\"https:\/\/boehmerlangi.de\/wp-content\/uploads\/2026\/03\/20261106_Schoenbrunn_V1_small.jpg\" alt=\"\" class=\"wp-image-436\" style=\"width:400px\" srcset=\"https:\/\/boehmerlangi.de\/wp-content\/uploads\/2026\/03\/20261106_Schoenbrunn_V1_small.jpg 707w, https:\/\/boehmerlangi.de\/wp-content\/uploads\/2026\/03\/20261106_Schoenbrunn_V1_small-212x300.jpg 212w\" sizes=\"auto, (max-width: 707px) 100vw, 707px\" \/><\/figure>\n<\/div>\n\n\n<hr class=\"wp-block-separator has-alpha-channel-opacity\"\/>\n\n\n\n<p style=\"font-size:26px\">21.11.2026, <a href=\"https:\/\/bierfabrik-erzgebirge.de\/\" target=\"_blank\" rel=\"noreferrer noopener\">Bierfabrik Erzgebirge<\/a> in Pockau<\/p>\n\n\n\n<p style=\"font-size:28px\"><strong>Anton G\u00fcnther, Leben + Lieder und Biergeschichten von Max<\/strong><\/p>\n\n\n\n<p style=\"font-size:24px\">B\u00f6hmerlangi und Max von der Bierfabrik erz\u00e4hlen &#8230;.<\/p>\n\n\n\n<hr class=\"wp-block-separator has-alpha-channel-opacity\"\/>\n\n\n\n<p style=\"font-size:26px\">12.12.2026, <a href=\"https:\/\/bierfabrik-erzgebirge.de\/\" target=\"_blank\" rel=\"noreferrer noopener\">Bierfabrik Erzgebirge<\/a> in Pockau<\/p>\n\n\n\n<p style=\"font-size:28px\"><strong>Anton G\u00fcnther, Leben + Lieder und Biergeschichten von Max<\/strong><\/p>\n\n\n\n<p style=\"font-size:24px\">B\u00f6hmerlangi und Max von der Bierfabrik erz\u00e4hlen &#8230;.<\/p>\n\n\n\n<hr class=\"wp-block-separator has-alpha-channel-opacity\"\/>\n\n\n\n<hr class=\"wp-block-separator has-alpha-channel-opacity\"\/>\n\n\n\n<p style=\"font-size:35px\"><strong>Vergangene Termine:<\/strong><\/p>\n\n\n\n<p style=\"font-size:25px\">05. Februar 2026, 18:30 Uhr, <a href=\"https:\/\/www.zum-grenadier.de\/\" target=\"_blank\" rel=\"noreferrer noopener\">&#8222;Zum Grenadier&#8220;<\/a>, Wolkenstein, Eintritt frei<\/p>\n\n\n\n<p class=\"has-text-align-center\" style=\"font-size:28px\"><strong>Lichtbildvortrag &#8222;Karl St\u00fclpner in B\u00f6hmen&#8220;<\/strong><\/p>\n\n\n<div class=\"wp-block-image\">\n<figure class=\"aligncenter size-large is-resized\"><img loading=\"lazy\" decoding=\"async\" width=\"1024\" height=\"830\" src=\"https:\/\/boehmerlangi.de\/wp-content\/uploads\/2025\/07\/00_StuelpnerGastwirtKuhberg-1024x830.jpg\" alt=\"\" class=\"wp-image-309\" style=\"width:500px\" srcset=\"https:\/\/boehmerlangi.de\/wp-content\/uploads\/2025\/07\/00_StuelpnerGastwirtKuhberg-1024x830.jpg 1024w, https:\/\/boehmerlangi.de\/wp-content\/uploads\/2025\/07\/00_StuelpnerGastwirtKuhberg-300x243.jpg 300w, https:\/\/boehmerlangi.de\/wp-content\/uploads\/2025\/07\/00_StuelpnerGastwirtKuhberg-768x622.jpg 768w, https:\/\/boehmerlangi.de\/wp-content\/uploads\/2025\/07\/00_StuelpnerGastwirtKuhberg-1536x1245.jpg 1536w, https:\/\/boehmerlangi.de\/wp-content\/uploads\/2025\/07\/00_StuelpnerGastwirtKuhberg-2048x1660.jpg 2048w\" sizes=\"auto, (max-width: 1024px) 100vw, 1024px\" \/><\/figure>\n<\/div>\n\n\n<hr class=\"wp-block-separator has-alpha-channel-opacity\"\/>\n\n\n\n<p style=\"font-size:26px\">12.03.2026, 18:30 Uhr, Euba bei Chemnitz<\/p>\n\n\n\n<p class=\"has-text-align-center\" style=\"font-size:28px\"><strong>Anton G\u00fcnther &#8211; sein Leben &#8211; seine Lieder<\/strong><\/p>\n\n\n<div class=\"wp-block-image\">\n<figure class=\"aligncenter size-large is-resized\"><img loading=\"lazy\" decoding=\"async\" width=\"1024\" height=\"699\" src=\"https:\/\/boehmerlangi.de\/wp-content\/uploads\/2026\/01\/AGuenther_Leben_Lieder__shadow-1024x699.png\" alt=\"\" class=\"wp-image-406\" style=\"width:500px\" srcset=\"https:\/\/boehmerlangi.de\/wp-content\/uploads\/2026\/01\/AGuenther_Leben_Lieder__shadow-1024x699.png 1024w, https:\/\/boehmerlangi.de\/wp-content\/uploads\/2026\/01\/AGuenther_Leben_Lieder__shadow-300x205.png 300w, https:\/\/boehmerlangi.de\/wp-content\/uploads\/2026\/01\/AGuenther_Leben_Lieder__shadow-768x524.png 768w, https:\/\/boehmerlangi.de\/wp-content\/uploads\/2026\/01\/AGuenther_Leben_Lieder__shadow-1536x1049.png 1536w, https:\/\/boehmerlangi.de\/wp-content\/uploads\/2026\/01\/AGuenther_Leben_Lieder__shadow-2048x1398.png 2048w\" sizes=\"auto, (max-width: 1024px) 100vw, 1024px\" \/><\/figure>\n<\/div>\n\n\n<hr class=\"wp-block-separator has-alpha-channel-opacity\"\/>\n\n\n\n<p style=\"font-size:25px\">21.03.2026, 14:00 Uhr, Signierstunde des Autors von &#8222;<a href=\"https:\/\/www.tschirner-co.de\/produkte\/de-draakschenk\" target=\"_blank\" rel=\"noreferrer noopener\">Da Draaksch\u00e4nk<\/a>&#8220; und &#8222;<a href=\"https:\/\/www.tschirner-co.de\/produkte\/das-boehmische-erzgebirge-band-1-westliches-erzgebirge-elstergebirge\" target=\"_blank\" rel=\"noreferrer noopener\">Das B\u00f6hmische Erzgebirge &#8211; der Westen<\/a>&#8220; B\u00f6hmerlangi (Thomas Lang) auf der <a href=\"https:\/\/www.leipziger-buchmesse.de\/\" target=\"_blank\" rel=\"noreferrer noopener\">Leipziger Buchmesse<\/a> am Stand vom <a href=\"https:\/\/www.tschirner-co.de\/\" target=\"_blank\" rel=\"noreferrer noopener\">Verlag Tschirner &amp; Co.<\/a> <\/p>\n\n\n<div class=\"wp-block-image\">\n<figure class=\"aligncenter size-large is-resized\"><a href=\"https:\/\/www.leipziger-buchmesse.de\/\" target=\"_blank\" rel=\" noreferrer noopener\"><img loading=\"lazy\" decoding=\"async\" width=\"1024\" height=\"376\" src=\"https:\/\/boehmerlangi.de\/wp-content\/uploads\/2026\/03\/LBM-1024x376.png\" alt=\"\" class=\"wp-image-439\" style=\"width:600px\" srcset=\"https:\/\/boehmerlangi.de\/wp-content\/uploads\/2026\/03\/LBM-1024x376.png 1024w, https:\/\/boehmerlangi.de\/wp-content\/uploads\/2026\/03\/LBM-300x110.png 300w, https:\/\/boehmerlangi.de\/wp-content\/uploads\/2026\/03\/LBM-768x282.png 768w, https:\/\/boehmerlangi.de\/wp-content\/uploads\/2026\/03\/LBM.png 1304w\" sizes=\"auto, (max-width: 1024px) 100vw, 1024px\" \/><\/a><\/figure>\n<\/div>\n\n\n<hr class=\"wp-block-separator has-alpha-channel-opacity\"\/>\n","protected":false},"excerpt":{"rendered":"<p>R\u00fcckblick 2024 2025 11. April 2026, 18:00 Uhr, Museum Alte Schule, Deutschneudorf GESCHLOSSENE VERANSTALTUNG F\u00dcR MITGLIEDER DES ERZGEBIRSZWEIGVEREINS DEUTSCHNEUDORF Anton G\u00fcnther &#8211; sein Leben &#8211; seine Lieder 16.04.2026, 19:00 Uhr, &#8222;Mittelpunkt&#8220; in Mittelbach bei Chemnitz Anton G\u00fcnther &#8211; sein Leben &#8211; seine Lieder 13.06.2026, 12:00 Uhr, Signierstunde des Autors von &#8222;Da Draaksch\u00e4nk&#8220; und &#8222;Das B\u00f6hmische [&hellip;]<\/p>\n","protected":false},"author":1,"featured_media":0,"parent":0,"menu_order":0,"comment_status":"closed","ping_status":"closed","template":"","meta":{"footnotes":""},"class_list":["post-240","page","type-page","status-publish","hentry"],"_links":{"self":[{"href":"https:\/\/boehmerlangi.de\/index.php?rest_route=\/wp\/v2\/pages\/240","targetHints":{"allow":["GET"]}}],"collection":[{"href":"https:\/\/boehmerlangi.de\/index.php?rest_route=\/wp\/v2\/pages"}],"about":[{"href":"https:\/\/boehmerlangi.de\/index.php?rest_route=\/wp\/v2\/types\/page"}],"author":[{"embeddable":true,"href":"https:\/\/boehmerlangi.de\/index.php?rest_route=\/wp\/v2\/users\/1"}],"replies":[{"embeddable":true,"href":"https:\/\/boehmerlangi.de\/index.php?rest_route=%2Fwp%2Fv2%2Fcomments&post=240"}],"version-history":[{"count":64,"href":"https:\/\/boehmerlangi.de\/index.php?rest_route=\/wp\/v2\/pages\/240\/revisions"}],"predecessor-version":[{"id":499,"href":"https:\/\/boehmerlangi.de\/index.php?rest_route=\/wp\/v2\/pages\/240\/revisions\/499"}],"wp:attachment":[{"href":"https:\/\/boehmerlangi.de\/index.php?rest_route=%2Fwp%2Fv2%2Fmedia&parent=240"}],"curies":[{"name":"wp","href":"https:\/\/api.w.org\/{rel}","templated":true}]}}