{"id":287,"date":"2025-06-16T12:17:58","date_gmt":"2025-06-16T12:17:58","guid":{"rendered":"https:\/\/boehmerlangi.de\/?page_id=287"},"modified":"2026-04-06T08:41:34","modified_gmt":"2026-04-06T08:41:34","slug":"publikationen","status":"publish","type":"page","link":"https:\/\/boehmerlangi.de\/?page_id=287","title":{"rendered":"B\u00fccher"},"content":{"rendered":"\n<p class=\"has-text-align-center\" style=\"font-size:20px\">Buch &#8222;<strong>Das B\u00f6hmische Erzgebirge<\/strong> &#8211; ein unterhaltsamer Streifzug durch die Geschichte&#8220;<br>Teil 1 &#8211; Der Westen des B\u00f6hmischen Erzgebirges<\/p>\n\n\n\n<p class=\"has-text-align-center\" style=\"font-size:20px\">Thomas Lang, 402 Seiten<br>ISBN 978-3-9827881-1-1<\/p>\n\n\n\n<p class=\"has-text-align-center\" style=\"font-size:36px\"><strong><a href=\"https:\/\/boehmerlangi.de\/?page_id=464\" data-type=\"page\" data-id=\"464\">Bestellung <\/a><\/strong><\/p>\n\n\n<div class=\"wp-block-image\">\n<figure data-wp-context=\"{&quot;imageId&quot;:&quot;69fb2d4a10279&quot;}\" data-wp-interactive=\"core\/image\" data-wp-key=\"69fb2d4a10279\" class=\"aligncenter size-large wp-lightbox-container\"><img loading=\"lazy\" decoding=\"async\" width=\"1024\" height=\"724\" data-wp-class--hide=\"state.isContentHidden\" data-wp-class--show=\"state.isContentVisible\" data-wp-init=\"callbacks.setButtonStyles\" data-wp-on--click=\"actions.showLightbox\" data-wp-on--load=\"callbacks.setButtonStyles\" data-wp-on-window--resize=\"callbacks.setButtonStyles\" src=\"https:\/\/boehmerlangi.de\/wp-content\/uploads\/2026\/03\/BuchCover_BE_1_2-1024x724.jpg\" alt=\"\" class=\"wp-image-448\" srcset=\"https:\/\/boehmerlangi.de\/wp-content\/uploads\/2026\/03\/BuchCover_BE_1_2-1024x724.jpg 1024w, https:\/\/boehmerlangi.de\/wp-content\/uploads\/2026\/03\/BuchCover_BE_1_2-300x212.jpg 300w, https:\/\/boehmerlangi.de\/wp-content\/uploads\/2026\/03\/BuchCover_BE_1_2-768x543.jpg 768w, https:\/\/boehmerlangi.de\/wp-content\/uploads\/2026\/03\/BuchCover_BE_1_2-1536x1086.jpg 1536w, https:\/\/boehmerlangi.de\/wp-content\/uploads\/2026\/03\/BuchCover_BE_1_2-2048x1448.jpg 2048w\" sizes=\"auto, (max-width: 1024px) 100vw, 1024px\" \/><button\n\t\t\tclass=\"lightbox-trigger\"\n\t\t\ttype=\"button\"\n\t\t\taria-haspopup=\"dialog\"\n\t\t\taria-label=\"Vergr\u00f6\u00dfern\"\n\t\t\tdata-wp-init=\"callbacks.initTriggerButton\"\n\t\t\tdata-wp-on--click=\"actions.showLightbox\"\n\t\t\tdata-wp-style--right=\"state.imageButtonRight\"\n\t\t\tdata-wp-style--top=\"state.imageButtonTop\"\n\t\t>\n\t\t\t<svg xmlns=\"http:\/\/www.w3.org\/2000\/svg\" width=\"12\" height=\"12\" fill=\"none\" viewBox=\"0 0 12 12\">\n\t\t\t\t<path fill=\"#fff\" d=\"M2 0a2 2 0 0 0-2 2v2h1.5V2a.5.5 0 0 1 .5-.5h2V0H2Zm2 10.5H2a.5.5 0 0 1-.5-.5V8H0v2a2 2 0 0 0 2 2h2v-1.5ZM8 12v-1.5h2a.5.5 0 0 0 .5-.5V8H12v2a2 2 0 0 1-2 2H8Zm2-12a2 2 0 0 1 2 2v2h-1.5V2a.5.5 0 0 0-.5-.5H8V0h2Z\" \/>\n\t\t\t<\/svg>\n\t\t<\/button><\/figure>\n<\/div>\n\n\n<p class=\"has-text-align-center\" style=\"font-size:20px\">1. Auflage M\u00e4rz 2026<br>Preis 34,90 \u20ac<\/p>\n\n\n\n<p class=\"has-text-align-center has-large-font-size\"><\/p>\n\n\n\n<hr class=\"wp-block-separator has-alpha-channel-opacity\"\/>\n\n\n\n<p class=\"has-text-align-center\" style=\"font-size:20px\">Buch &#8222;<strong>Da Draasch\u00e4nk<\/strong>&#8222;<\/p>\n\n\n\n<p class=\"has-text-align-center has-medium-font-size\">Thomas Lang (Hrsg.), 136 Seiten<br>ISBN-13: \u200f :978-3-9825526-8-2<\/p>\n\n\n\n<p class=\"has-text-align-center has-medium-font-size\">2. Auflage Oktober 2025<br>29,80 \u20ac zzgl. Versandkosten<\/p>\n\n\n\n<p class=\"has-text-align-center has-large-font-size\"><strong><a href=\"https:\/\/boehmerlangi.de\/?page_id=459\" data-type=\"page\" data-id=\"459\">Bestellung<\/a><\/strong><\/p>\n\n\n<div class=\"wp-block-image\">\n<figure class=\"aligncenter size-large is-resized\"><img loading=\"lazy\" decoding=\"async\" width=\"723\" height=\"1024\" src=\"https:\/\/boehmerlangi.de\/wp-content\/uploads\/2025\/06\/Dreckschaenke_Umschlag_small-723x1024.jpg\" alt=\"\" class=\"wp-image-288\" style=\"width:600px\" srcset=\"https:\/\/boehmerlangi.de\/wp-content\/uploads\/2025\/06\/Dreckschaenke_Umschlag_small-723x1024.jpg 723w, https:\/\/boehmerlangi.de\/wp-content\/uploads\/2025\/06\/Dreckschaenke_Umschlag_small-212x300.jpg 212w, https:\/\/boehmerlangi.de\/wp-content\/uploads\/2025\/06\/Dreckschaenke_Umschlag_small-768x1087.jpg 768w, https:\/\/boehmerlangi.de\/wp-content\/uploads\/2025\/06\/Dreckschaenke_Umschlag_small-1085x1536.jpg 1085w, https:\/\/boehmerlangi.de\/wp-content\/uploads\/2025\/06\/Dreckschaenke_Umschlag_small.jpg 1300w\" sizes=\"auto, (max-width: 723px) 100vw, 723px\" \/><\/figure>\n<\/div>","protected":false},"excerpt":{"rendered":"<p>Buch &#8222;Das B\u00f6hmische Erzgebirge &#8211; ein unterhaltsamer Streifzug durch die Geschichte&#8220;Teil 1 &#8211; Der Westen des B\u00f6hmischen Erzgebirges Thomas Lang, 402 SeitenISBN 978-3-9827881-1-1 Bestellung 1. Auflage M\u00e4rz 2026Preis 34,90 \u20ac Buch &#8222;Da Draasch\u00e4nk&#8222; Thomas Lang (Hrsg.), 136 SeitenISBN-13: \u200f :978-3-9825526-8-2 2. Auflage Oktober 202529,80 \u20ac zzgl. Versandkosten Bestellung<\/p>\n","protected":false},"author":1,"featured_media":0,"parent":0,"menu_order":0,"comment_status":"closed","ping_status":"closed","template":"","meta":{"footnotes":""},"class_list":["post-287","page","type-page","status-publish","hentry"],"_links":{"self":[{"href":"https:\/\/boehmerlangi.de\/index.php?rest_route=\/wp\/v2\/pages\/287","targetHints":{"allow":["GET"]}}],"collection":[{"href":"https:\/\/boehmerlangi.de\/index.php?rest_route=\/wp\/v2\/pages"}],"about":[{"href":"https:\/\/boehmerlangi.de\/index.php?rest_route=\/wp\/v2\/types\/page"}],"author":[{"embeddable":true,"href":"https:\/\/boehmerlangi.de\/index.php?rest_route=\/wp\/v2\/users\/1"}],"replies":[{"embeddable":true,"href":"https:\/\/boehmerlangi.de\/index.php?rest_route=%2Fwp%2Fv2%2Fcomments&post=287"}],"version-history":[{"count":12,"href":"https:\/\/boehmerlangi.de\/index.php?rest_route=\/wp\/v2\/pages\/287\/revisions"}],"predecessor-version":[{"id":497,"href":"https:\/\/boehmerlangi.de\/index.php?rest_route=\/wp\/v2\/pages\/287\/revisions\/497"}],"wp:attachment":[{"href":"https:\/\/boehmerlangi.de\/index.php?rest_route=%2Fwp%2Fv2%2Fmedia&parent=287"}],"curies":[{"name":"wp","href":"https:\/\/api.w.org\/{rel}","templated":true}]}}