{"id":392,"date":"2026-01-21T06:56:55","date_gmt":"2026-01-21T06:56:55","guid":{"rendered":"https:\/\/boehmerlangi.de\/?page_id=392"},"modified":"2026-01-21T06:56:55","modified_gmt":"2026-01-21T06:56:55","slug":"termine-2025-2","status":"publish","type":"page","link":"https:\/\/boehmerlangi.de\/?page_id=392","title":{"rendered":"Termine 2025"},"content":{"rendered":"\n<p style=\"font-size:25px\"><\/p>\n\n\n\n<p class=\"has-text-align-center\"><\/p>\n\n\n\n<p style=\"font-size:25px\">07.12.2025, 15:30 Uhr, <a href=\"https:\/\/www.olbernhau.de\/haus-der-begegnung-rothenthal\" target=\"_blank\" rel=\"noreferrer noopener\">Haus der Begegnung<\/a> Rothenthal<\/p>\n\n\n\n<p style=\"font-size:28px\"><strong>Lichtbildvortrag zum Buch &#8222;Da Draacksch\u00e4nk&#8220;<\/strong> <\/p>\n\n\n\n<p style=\"font-size:28px\">(Die Drecksch\u00e4nke)<\/p>\n\n\n\n<figure class=\"wp-block-gallery aligncenter has-nested-images columns-default is-cropped wp-block-gallery-1 is-layout-flex wp-block-gallery-is-layout-flex\">\n<figure class=\"wp-block-image size-large\"><img loading=\"lazy\" decoding=\"async\" width=\"339\" height=\"500\" data-id=\"295\" src=\"https:\/\/boehmerlangi.de\/wp-content\/uploads\/2025\/06\/Langi_signiert_500x.jpg\" alt=\"\" class=\"wp-image-295\" srcset=\"https:\/\/boehmerlangi.de\/wp-content\/uploads\/2025\/06\/Langi_signiert_500x.jpg 339w, https:\/\/boehmerlangi.de\/wp-content\/uploads\/2025\/06\/Langi_signiert_500x-203x300.jpg 203w\" sizes=\"auto, (max-width: 339px) 100vw, 339px\" \/><\/figure>\n\n\n\n<figure class=\"wp-block-image size-large\"><img loading=\"lazy\" decoding=\"async\" width=\"353\" height=\"500\" data-id=\"296\" src=\"https:\/\/boehmerlangi.de\/wp-content\/uploads\/2025\/06\/Dreckschaenke_Umschlag_500x.jpg\" alt=\"\" class=\"wp-image-296\" srcset=\"https:\/\/boehmerlangi.de\/wp-content\/uploads\/2025\/06\/Dreckschaenke_Umschlag_500x.jpg 353w, https:\/\/boehmerlangi.de\/wp-content\/uploads\/2025\/06\/Dreckschaenke_Umschlag_500x-212x300.jpg 212w\" sizes=\"auto, (max-width: 353px) 100vw, 353px\" \/><\/figure>\n<\/figure>\n\n\n\n<p class=\"has-text-align-center\"><\/p>\n\n\n\n<hr class=\"wp-block-separator has-alpha-channel-opacity\"\/>\n\n\n\n<p style=\"font-size:25px\">31.10.2025, 16:00 Uhr, <a href=\"https:\/\/www.marienberg.de\/kultur-tourismus\/museen-und-schaubergwerke\/ausstellungen-boettcherfabrik\/\" target=\"_blank\" rel=\"noreferrer noopener\">B\u00f6ttcherfabrik Pobershau<\/a><\/p>\n\n\n\n<p style=\"font-size:28px\"><strong>Lichtbildvortrag zum Buch &#8222;Da Draacksch\u00e4nk&#8220; <\/strong><\/p>\n\n\n\n<p style=\"font-size:28px\">(Die Drecksch\u00e4nke)<\/p>\n\n\n\n<p style=\"font-size:24px\">Reservierungen unter <a href=\"tel:01789332241\">0178 9332241<\/a><\/p>\n\n\n\n<hr class=\"wp-block-separator has-alpha-channel-opacity\"\/>\n\n\n\n<p style=\"font-size:25px\">10. April 2025, 18:30 Uhr,  <a href=\"https:\/\/www.zum-grenadier.de\/\" target=\"_blank\" rel=\"noreferrer noopener\">&#8222;Zum Grenadier&#8220;<\/a>, Wolkenstein, Eintritt frei<\/p>\n\n\n<div class=\"wp-block-image\">\n<figure class=\"aligncenter size-large is-resized\"><img loading=\"lazy\" decoding=\"async\" width=\"724\" height=\"1024\" src=\"https:\/\/boehmerlangi.de\/wp-content\/uploads\/2025\/03\/20250410_Wolkenstein-1-724x1024.jpg\" alt=\"\" class=\"wp-image-280\" style=\"width:auto;height:500px\" srcset=\"https:\/\/boehmerlangi.de\/wp-content\/uploads\/2025\/03\/20250410_Wolkenstein-1-724x1024.jpg 724w, https:\/\/boehmerlangi.de\/wp-content\/uploads\/2025\/03\/20250410_Wolkenstein-1-212x300.jpg 212w, https:\/\/boehmerlangi.de\/wp-content\/uploads\/2025\/03\/20250410_Wolkenstein-1-768x1086.jpg 768w, https:\/\/boehmerlangi.de\/wp-content\/uploads\/2025\/03\/20250410_Wolkenstein-1.jpg 794w\" sizes=\"auto, (max-width: 724px) 100vw, 724px\" \/><\/figure>\n<\/div>\n\n\n<p><\/p>\n\n\n\n<p><\/p>\n\n\n\n<hr class=\"wp-block-separator has-alpha-channel-opacity\"\/>\n\n\n\n<p><\/p>\n\n\n\n<p style=\"font-size:25px\">09. Februar 2025, 18:00 Uhr,  <a href=\"https:\/\/g.co\/kgs\/1aLC2eB\" target=\"_blank\" rel=\"noreferrer noopener\">Siebers Erben<\/a>, Scharfenstein<\/p>\n\n\n\n<p class=\"has-x-large-font-size\"><strong>&#8222;Anton G\u00fcnther &#8211; sein Leben &#8211; seine Lieder&#8220;<\/strong><\/p>\n\n\n\n<p class=\"has-medium-font-size\">ein Lichtbildvortrag mit Gesang zur Gitarre<\/p>\n\n\n<div class=\"wp-block-image\">\n<figure class=\"aligncenter size-large is-resized\"><img loading=\"lazy\" decoding=\"async\" width=\"1024\" height=\"681\" src=\"https:\/\/boehmerlangi.de\/wp-content\/uploads\/2024\/12\/AGuenther_Leben_Lieder-1024x681.jpg\" alt=\"\" class=\"wp-image-241\" style=\"width:400px\" srcset=\"https:\/\/boehmerlangi.de\/wp-content\/uploads\/2024\/12\/AGuenther_Leben_Lieder-1024x681.jpg 1024w, https:\/\/boehmerlangi.de\/wp-content\/uploads\/2024\/12\/AGuenther_Leben_Lieder-300x199.jpg 300w, https:\/\/boehmerlangi.de\/wp-content\/uploads\/2024\/12\/AGuenther_Leben_Lieder-768x510.jpg 768w, https:\/\/boehmerlangi.de\/wp-content\/uploads\/2024\/12\/AGuenther_Leben_Lieder-1536x1021.jpg 1536w, https:\/\/boehmerlangi.de\/wp-content\/uploads\/2024\/12\/AGuenther_Leben_Lieder.jpg 2048w\" sizes=\"auto, (max-width: 1024px) 100vw, 1024px\" \/><\/figure>\n<\/div>","protected":false},"excerpt":{"rendered":"<p>07.12.2025, 15:30 Uhr, Haus der Begegnung Rothenthal Lichtbildvortrag zum Buch &#8222;Da Draacksch\u00e4nk&#8220; (Die Drecksch\u00e4nke) 31.10.2025, 16:00 Uhr, B\u00f6ttcherfabrik Pobershau Lichtbildvortrag zum Buch &#8222;Da Draacksch\u00e4nk&#8220; (Die Drecksch\u00e4nke) Reservierungen unter 0178 9332241 10. April 2025, 18:30 Uhr, &#8222;Zum Grenadier&#8220;, Wolkenstein, Eintritt frei 09. Februar 2025, 18:00 Uhr, Siebers Erben, Scharfenstein &#8222;Anton G\u00fcnther &#8211; sein Leben &#8211; seine [&hellip;]<\/p>\n","protected":false},"author":1,"featured_media":0,"parent":0,"menu_order":0,"comment_status":"closed","ping_status":"closed","template":"","meta":{"footnotes":""},"class_list":["post-392","page","type-page","status-publish","hentry"],"_links":{"self":[{"href":"https:\/\/boehmerlangi.de\/index.php?rest_route=\/wp\/v2\/pages\/392","targetHints":{"allow":["GET"]}}],"collection":[{"href":"https:\/\/boehmerlangi.de\/index.php?rest_route=\/wp\/v2\/pages"}],"about":[{"href":"https:\/\/boehmerlangi.de\/index.php?rest_route=\/wp\/v2\/types\/page"}],"author":[{"embeddable":true,"href":"https:\/\/boehmerlangi.de\/index.php?rest_route=\/wp\/v2\/users\/1"}],"replies":[{"embeddable":true,"href":"https:\/\/boehmerlangi.de\/index.php?rest_route=%2Fwp%2Fv2%2Fcomments&post=392"}],"version-history":[{"count":1,"href":"https:\/\/boehmerlangi.de\/index.php?rest_route=\/wp\/v2\/pages\/392\/revisions"}],"predecessor-version":[{"id":393,"href":"https:\/\/boehmerlangi.de\/index.php?rest_route=\/wp\/v2\/pages\/392\/revisions\/393"}],"wp:attachment":[{"href":"https:\/\/boehmerlangi.de\/index.php?rest_route=%2Fwp%2Fv2%2Fmedia&parent=392"}],"curies":[{"name":"wp","href":"https:\/\/api.w.org\/{rel}","templated":true}]}}