{"id":40,"date":"2022-04-05T06:07:32","date_gmt":"2022-04-05T06:07:32","guid":{"rendered":"https:\/\/boehmerlangi.de\/?page_id=40"},"modified":"2022-04-07T15:27:46","modified_gmt":"2022-04-07T15:27:46","slug":"deutschboehmen","status":"publish","type":"page","link":"https:\/\/boehmerlangi.de\/?page_id=40","title":{"rendered":"Deutschb\u00f6hmen"},"content":{"rendered":"\n<p class=\"has-medium-font-size\" style=\"font-style:normal;font-weight:500\">Als Deutschb\u00f6hmen wurden bis Anfang des 20. Jahrhunderts die deutschsprachigen Gebiete B\u00f6hmens bezeichnet. Mit der Nationalisierung der Tschechen wurde sp\u00e4ter &#8211; um die Deutschen der b\u00f6hmischen L\u00e4nder B\u00f6hmen, M\u00e4hren und Schlesiens begrifflich zu vereinheitlichen &#8211; der Begriff Sudetenland benutzt. Dieser Begriff umfasste aber eben alle Deutschen der b\u00f6hmischen L\u00e4nder. Hier geht es haupts\u00e4chlich um den relativ unpolitischen Begriff Deutschb\u00f6hmen.<br><br>Deutschb\u00f6hmen umfasste die Randgebiete B\u00f6hmens: Adlergebirge, Riesengebirge, Isergebirge, B\u00f6hmische Schweiz, B\u00f6hmisches Erzgebirge, B\u00f6hmisches Mittelgebirge, Egerland, Saazer Land, Duppauer Gebirge und B\u00f6hmerwald. Au\u00dferdem f\u00fchlten sich die deutschen Bewohner von Prag (die Kleinseite und die Prager Altstadt waren gr\u00f6\u00dftenteils deutschsprachig &#8211; Juden und Katholiken) und weiterer Sprachinseln als Deutschb\u00f6hmen.<\/p>\n\n\n\n<figure class=\"wp-block-image size-full is-style-default\"><img loading=\"lazy\" decoding=\"async\" width=\"800\" height=\"550\" src=\"https:\/\/boehmerlangi.de\/wp-content\/uploads\/2022\/04\/SudetenlandKlein.jpg\" alt=\"\" class=\"wp-image-89\" srcset=\"https:\/\/boehmerlangi.de\/wp-content\/uploads\/2022\/04\/SudetenlandKlein.jpg 800w, https:\/\/boehmerlangi.de\/wp-content\/uploads\/2022\/04\/SudetenlandKlein-300x206.jpg 300w, https:\/\/boehmerlangi.de\/wp-content\/uploads\/2022\/04\/SudetenlandKlein-768x528.jpg 768w\" sizes=\"auto, (max-width: 800px) 100vw, 800px\" \/><figcaption>Deutschsprachige Gebiete in B\u00f6hmen und M\u00e4hren <\/figcaption><\/figure>\n\n\n\n<p class=\"has-medium-font-size\" style=\"font-style:normal;font-weight:500\">Wer bis zum Ende von \u00d6sterreich-Ungarn 1918 in den B\u00f6hmischen L\u00e4ndern Handel trieb oder Gesch\u00e4fte machte, beherrschte zumeist die deutsche und die tschechische Sprache. In gemischten Gebieten bildete sich eine Mixtur beider Sprachen, das als &#8222;B\u00f6hmakeln&#8220; bezeichnet wurde. Eine einheitliche Deutschb\u00f6hmische Sprache gab es nicht. Es gab einzelne Dialekte, die sich aus der Herkunft der Deutschen und der Vermischung von Dialekten entwickelten. In Prag wurde z.B. ein sehr klares Hochdeutsch gesprochen und im Egerland eher Oberpf\u00e4lzisch.<\/p>\n\n\n\n<p><\/p>\n","protected":false},"excerpt":{"rendered":"<p>Als Deutschb\u00f6hmen wurden bis Anfang des 20. Jahrhunderts die deutschsprachigen Gebiete B\u00f6hmens bezeichnet. Mit der Nationalisierung der Tschechen wurde sp\u00e4ter &#8211; um die Deutschen der b\u00f6hmischen L\u00e4nder B\u00f6hmen, M\u00e4hren und Schlesiens begrifflich zu vereinheitlichen &#8211; der Begriff Sudetenland benutzt. Dieser Begriff umfasste aber eben alle Deutschen der b\u00f6hmischen L\u00e4nder. Hier geht es haupts\u00e4chlich um den [&hellip;]<\/p>\n","protected":false},"author":1,"featured_media":0,"parent":0,"menu_order":0,"comment_status":"closed","ping_status":"closed","template":"","meta":{"footnotes":""},"class_list":["post-40","page","type-page","status-publish","hentry"],"_links":{"self":[{"href":"https:\/\/boehmerlangi.de\/index.php?rest_route=\/wp\/v2\/pages\/40","targetHints":{"allow":["GET"]}}],"collection":[{"href":"https:\/\/boehmerlangi.de\/index.php?rest_route=\/wp\/v2\/pages"}],"about":[{"href":"https:\/\/boehmerlangi.de\/index.php?rest_route=\/wp\/v2\/types\/page"}],"author":[{"embeddable":true,"href":"https:\/\/boehmerlangi.de\/index.php?rest_route=\/wp\/v2\/users\/1"}],"replies":[{"embeddable":true,"href":"https:\/\/boehmerlangi.de\/index.php?rest_route=%2Fwp%2Fv2%2Fcomments&post=40"}],"version-history":[{"count":3,"href":"https:\/\/boehmerlangi.de\/index.php?rest_route=\/wp\/v2\/pages\/40\/revisions"}],"predecessor-version":[{"id":130,"href":"https:\/\/boehmerlangi.de\/index.php?rest_route=\/wp\/v2\/pages\/40\/revisions\/130"}],"wp:attachment":[{"href":"https:\/\/boehmerlangi.de\/index.php?rest_route=%2Fwp%2Fv2%2Fmedia&parent=40"}],"curies":[{"name":"wp","href":"https:\/\/api.w.org\/{rel}","templated":true}]}}