{"id":41,"date":"2022-04-05T06:07:32","date_gmt":"2022-04-05T06:07:32","guid":{"rendered":"https:\/\/boehmerlangi.de\/?page_id=41"},"modified":"2024-12-01T17:55:52","modified_gmt":"2024-12-01T17:55:52","slug":"termine","status":"publish","type":"page","link":"https:\/\/boehmerlangi.de\/?page_id=41","title":{"rendered":"Termine 2024"},"content":{"rendered":"\n<p class=\"has-text-align-center has-medium-font-size\"><strong><em>Lichtbildvortr\u00e4ge: <\/em><\/strong><\/p>\n\n\n\n<p class=\"has-text-align-center has-large-font-size\"><strong>Auf den Spuren vom St\u00fclpner Karl in B\u00f6hmen<\/strong><\/p>\n\n\n<div class=\"wp-block-image is-style-rounded\">\n<figure class=\"aligncenter size-large is-resized\"><img loading=\"lazy\" decoding=\"async\" width=\"845\" height=\"1024\" src=\"https:\/\/boehmerlangi.de\/wp-content\/uploads\/2024\/07\/StuelpnerSchafenstein-845x1024.jpg\" alt=\"\" class=\"wp-image-225\" style=\"width:400px\" srcset=\"https:\/\/boehmerlangi.de\/wp-content\/uploads\/2024\/07\/StuelpnerSchafenstein-845x1024.jpg 845w, https:\/\/boehmerlangi.de\/wp-content\/uploads\/2024\/07\/StuelpnerSchafenstein-248x300.jpg 248w, https:\/\/boehmerlangi.de\/wp-content\/uploads\/2024\/07\/StuelpnerSchafenstein-768x931.jpg 768w, https:\/\/boehmerlangi.de\/wp-content\/uploads\/2024\/07\/StuelpnerSchafenstein.jpg 1142w\" sizes=\"auto, (max-width: 845px) 100vw, 845px\" \/><\/figure>\n<\/div>\n\n\n<p class=\"has-text-align-center has-medium-font-size\"><strong>Lichtbildvortrag \u00fcber die Wirkungsst\u00e4tten St\u00fclpners in B\u00f6hmen<\/strong><\/p>\n\n\n\n<p class=\"has-text-align-center has-medium-font-size\"><strong>im Anschlu\u00df gemeinsames Singen von Erzgebirgsmundart- und  Anton G\u00fcnther Liedern<\/strong><\/p>\n\n\n\n<p class=\"has-text-align-center has-medium-font-size\"><strong>Sonnabend, 26.10.2024, 18:00 Uhr, Ort: <a href=\"https:\/\/g.co\/kgs\/1aLC2eB\">Siebers Erben<\/a><\/strong>, <strong>Scharfenstein<\/strong><\/p>\n\n\n\n<p><\/p>\n\n\n\n<p class=\"has-text-align-center has-large-font-size\"><strong>Anton G\u00fcnther \u2013 sein Leben, seine Lieder <\/strong><\/p>\n\n\n<div class=\"wp-block-image\">\n<figure class=\"aligncenter size-large is-resized\"><img loading=\"lazy\" decoding=\"async\" width=\"1024\" height=\"771\" src=\"https:\/\/boehmerlangi.de\/wp-content\/uploads\/2024\/07\/1910_TolrhansTonl_EinNeuesLied-1024x771.jpg\" alt=\"\" class=\"wp-image-221\" style=\"width:600px\" srcset=\"https:\/\/boehmerlangi.de\/wp-content\/uploads\/2024\/07\/1910_TolrhansTonl_EinNeuesLied-1024x771.jpg 1024w, https:\/\/boehmerlangi.de\/wp-content\/uploads\/2024\/07\/1910_TolrhansTonl_EinNeuesLied-300x226.jpg 300w, https:\/\/boehmerlangi.de\/wp-content\/uploads\/2024\/07\/1910_TolrhansTonl_EinNeuesLied-768x578.jpg 768w, https:\/\/boehmerlangi.de\/wp-content\/uploads\/2024\/07\/1910_TolrhansTonl_EinNeuesLied-1536x1156.jpg 1536w, https:\/\/boehmerlangi.de\/wp-content\/uploads\/2024\/07\/1910_TolrhansTonl_EinNeuesLied-2048x1542.jpg 2048w\" sizes=\"auto, (max-width: 1024px) 100vw, 1024px\" \/><\/figure>\n<\/div>\n\n\n<p class=\"has-text-align-center has-medium-font-size\"><strong>Lichtbild-Vortrag mit seltenen teilweise unbekannten Aufnahmen<\/strong><\/p>\n\n\n\n<p class=\"has-text-align-center has-medium-font-size\"><strong>inklusive gemeinsamem Singen von Anton-G\u00fcnther-Liedern<\/strong><\/p>\n\n\n\n<p class=\"has-text-align-center has-medium-font-size\"><strong>Sonntag, 3. November 2024,  15:00 Uhr<br>Ort: <a href=\"https:\/\/maps.app.goo.gl\/QjovPPSZTsayufDc6\" target=\"_blank\" rel=\"noreferrer noopener\">B\u00f6ttcherfabrik Pobershau<\/a><\/strong><\/p>\n\n\n\n<p class=\"has-text-align-center\">und <\/p>\n\n\n\n<p class=\"has-text-align-center has-medium-font-size\"><strong>Sonntag, 17. November 2024 , 16:00 Uhr<br>Ort: <\/strong><a href=\"https:\/\/www.olbernhau.de\/haus-der-begegnung-rothenthal\" target=\"_blank\" rel=\"noreferrer noopener\"><strong>Haus der Begegnung Rothentha<\/strong>l<\/a><\/p>\n\n\n\n<p><\/p>\n\n\n\n<p class=\"has-medium-font-size\" style=\"font-style:normal;font-weight:600\"><\/p>\n","protected":false},"excerpt":{"rendered":"<p>Lichtbildvortr\u00e4ge: Auf den Spuren vom St\u00fclpner Karl in B\u00f6hmen Lichtbildvortrag \u00fcber die Wirkungsst\u00e4tten St\u00fclpners in B\u00f6hmen im Anschlu\u00df gemeinsames Singen von Erzgebirgsmundart- und Anton G\u00fcnther Liedern Sonnabend, 26.10.2024, 18:00 Uhr, Ort: Siebers Erben, Scharfenstein Anton G\u00fcnther \u2013 sein Leben, seine Lieder Lichtbild-Vortrag mit seltenen teilweise unbekannten Aufnahmen inklusive gemeinsamem Singen von Anton-G\u00fcnther-Liedern Sonntag, 3. November [&hellip;]<\/p>\n","protected":false},"author":1,"featured_media":0,"parent":0,"menu_order":0,"comment_status":"closed","ping_status":"closed","template":"","meta":{"footnotes":""},"class_list":["post-41","page","type-page","status-publish","hentry"],"_links":{"self":[{"href":"https:\/\/boehmerlangi.de\/index.php?rest_route=\/wp\/v2\/pages\/41","targetHints":{"allow":["GET"]}}],"collection":[{"href":"https:\/\/boehmerlangi.de\/index.php?rest_route=\/wp\/v2\/pages"}],"about":[{"href":"https:\/\/boehmerlangi.de\/index.php?rest_route=\/wp\/v2\/types\/page"}],"author":[{"embeddable":true,"href":"https:\/\/boehmerlangi.de\/index.php?rest_route=\/wp\/v2\/users\/1"}],"replies":[{"embeddable":true,"href":"https:\/\/boehmerlangi.de\/index.php?rest_route=%2Fwp%2Fv2%2Fcomments&post=41"}],"version-history":[{"count":19,"href":"https:\/\/boehmerlangi.de\/index.php?rest_route=\/wp\/v2\/pages\/41\/revisions"}],"predecessor-version":[{"id":243,"href":"https:\/\/boehmerlangi.de\/index.php?rest_route=\/wp\/v2\/pages\/41\/revisions\/243"}],"wp:attachment":[{"href":"https:\/\/boehmerlangi.de\/index.php?rest_route=%2Fwp%2Fv2%2Fmedia&parent=41"}],"curies":[{"name":"wp","href":"https:\/\/api.w.org\/{rel}","templated":true}]}}