{"id":43,"date":"2022-04-05T06:07:32","date_gmt":"2022-04-05T06:07:32","guid":{"rendered":"https:\/\/boehmerlangi.de\/?page_id=43"},"modified":"2024-12-01T18:01:35","modified_gmt":"2024-12-01T18:01:35","slug":"angebote","status":"publish","type":"page","link":"https:\/\/boehmerlangi.de\/?page_id=43","title":{"rendered":"Angebote"},"content":{"rendered":"\n<p class=\"has-medium-font-size\" style=\"font-style:normal;font-weight:500\"><a href=\"https:\/\/boehmerlangi.de\/?page_id=97\" data-type=\"page\" data-id=\"97\">Lichtbildvortr\u00e4ge<\/a> mit historischen Bildern aus dem B\u00f6hmischen Erzgebirge, B\u00f6hmischen Mittelgebirge, Egerland, Saazer Land, dem Duppauer Gebirge und den angrenzenden Regionen<br><br>Fachberatung f\u00fcr Dokumentationen, B\u00fccher, Filme<\/p>\n\n\n\n<p class=\"has-medium-font-size\" style=\"font-style:normal;font-weight:500\">Vorbereitung und Kuratieren von Ausstellungen<\/p>\n\n\n\n<p class=\"has-medium-font-size\" style=\"font-style:normal;font-weight:500\">St\u00e4dtereisen, Heimatreisen<\/p>\n\n\n\n<p class=\"has-medium-font-size\" style=\"font-style:normal;font-weight:500\">Mehrt\u00e4gige Reisen inklusive Organisation von Unterkunft, Speis&#8216; und Trank<\/p>\n\n\n\n<p class=\"has-medium-font-size\" style=\"font-style:normal;font-weight:500\">Hochwertige A4-Drucke (Farblaser-Drucker) von historischen Ansichten aus Nordwestb\u00f6hmen<\/p>\n\n\n\n<p class=\"has-medium-font-size\" style=\"font-style:normal;font-weight:500\">Jahreskalender mit historischen Bildern aus Deutschb\u00f6hmen<\/p>\n\n\n\n<p class=\"has-medium-font-size\" style=\"font-style:normal;font-weight:500\">Individuelle Kalender aus Ihrer Wunschgegend Nordwestb\u00f6hmens<\/p>\n\n\n\n<p class=\"has-medium-font-size\" style=\"font-style:normal;font-weight:500\">Lektorat von B\u00fcchern zum Thema B\u00f6hmen\/Tschechien und von beliebiger Prosa<br><\/p>\n\n\n\n<h3 class=\"wp-block-heading\">Was kosten die Dienstleistungen von B\u00f6hmerlangi?<\/h3>\n\n\n\n<p>Alle Preise finden Sie <a href=\"https:\/\/boehmerlangi.de\/?page_id=44\" data-type=\"page\" data-id=\"44\">hier<\/a>.<\/p>\n","protected":false},"excerpt":{"rendered":"<p>Lichtbildvortr\u00e4ge mit historischen Bildern aus dem B\u00f6hmischen Erzgebirge, B\u00f6hmischen Mittelgebirge, Egerland, Saazer Land, dem Duppauer Gebirge und den angrenzenden Regionen Fachberatung f\u00fcr Dokumentationen, B\u00fccher, Filme Vorbereitung und Kuratieren von Ausstellungen St\u00e4dtereisen, Heimatreisen Mehrt\u00e4gige Reisen inklusive Organisation von Unterkunft, Speis&#8216; und Trank Hochwertige A4-Drucke (Farblaser-Drucker) von historischen Ansichten aus Nordwestb\u00f6hmen Jahreskalender mit historischen Bildern aus Deutschb\u00f6hmen [&hellip;]<\/p>\n","protected":false},"author":1,"featured_media":0,"parent":0,"menu_order":0,"comment_status":"closed","ping_status":"closed","template":"","meta":{"footnotes":""},"class_list":["post-43","page","type-page","status-publish","hentry"],"_links":{"self":[{"href":"https:\/\/boehmerlangi.de\/index.php?rest_route=\/wp\/v2\/pages\/43","targetHints":{"allow":["GET"]}}],"collection":[{"href":"https:\/\/boehmerlangi.de\/index.php?rest_route=\/wp\/v2\/pages"}],"about":[{"href":"https:\/\/boehmerlangi.de\/index.php?rest_route=\/wp\/v2\/types\/page"}],"author":[{"embeddable":true,"href":"https:\/\/boehmerlangi.de\/index.php?rest_route=\/wp\/v2\/users\/1"}],"replies":[{"embeddable":true,"href":"https:\/\/boehmerlangi.de\/index.php?rest_route=%2Fwp%2Fv2%2Fcomments&post=43"}],"version-history":[{"count":8,"href":"https:\/\/boehmerlangi.de\/index.php?rest_route=\/wp\/v2\/pages\/43\/revisions"}],"predecessor-version":[{"id":251,"href":"https:\/\/boehmerlangi.de\/index.php?rest_route=\/wp\/v2\/pages\/43\/revisions\/251"}],"wp:attachment":[{"href":"https:\/\/boehmerlangi.de\/index.php?rest_route=%2Fwp%2Fv2%2Fmedia&parent=43"}],"curies":[{"name":"wp","href":"https:\/\/api.w.org\/{rel}","templated":true}]}}