{"id":97,"date":"2022-04-05T07:36:23","date_gmt":"2022-04-05T07:36:23","guid":{"rendered":"https:\/\/boehmerlangi.de\/?page_id=97"},"modified":"2026-03-03T09:13:30","modified_gmt":"2026-03-03T09:13:30","slug":"vortraege","status":"publish","type":"page","link":"https:\/\/boehmerlangi.de\/?page_id=97","title":{"rendered":"Vortr\u00e4ge"},"content":{"rendered":"\n<p class=\"has-medium-font-size\" style=\"font-style:normal;font-weight:600\"><strong>Auswahl an Vortr\u00e4gen, die Sie buchen k\u00f6nnen<\/strong>. Die Dauer der Vortr\u00e4ge betr\u00e4gt 1,5 bis 2 Stunden inklusive einer kurzen Pause:<\/p>\n\n\n\n<ul style=\"font-style:normal;font-weight:500\" class=\"wp-block-list has-medium-font-size\">\n<li>Lichtbildvortrag zu meinem Buch <strong>&#8222;Da Draaksch\u00e4nk&#8220;<\/strong> (Die Drecksch\u00e4nke)<\/li>\n\n\n\n<li><strong>Anton G\u00fcnther<\/strong> &#8211; sein Leben, seine Lieder (Vortrag inklusive gemeinsamem Singen von Anton-G\u00fcnther-Liedern)<\/li>\n\n\n\n<li><strong>Karl St\u00fclpner<\/strong> in B\u00f6hmen<\/li>\n\n\n\n<li>Gistav Zindel &#8211; der Erzgebirgsmaler aus Rodenau<\/li>\n\n\n\n<li><strong>Das B\u00f6hmische Erzgebirge<\/strong> in historischen Bildern &#8211; Teil 1 + 2<\/li>\n\n\n\n<li>Die <strong>St\u00e4dte am Fu\u00dfe des B\u00f6hmischen Erzgebirges<\/strong> in historischen Bildern (Tetschen-Bodenbach, Au\u00dfig, Teplitz, Br\u00fcx, Komotau, Falkenau, Schlackenwerth \u2026)<\/li>\n\n\n\n<li><strong>Fr\u00fche Farbfotos<\/strong> aus Nordwestb\u00f6hmen vom Ende der 1930er Jahre<\/li>\n\n\n\n<li><strong>Entlang der Eger<\/strong> in historischen Bildern &#8211; Teil 1 + 2<\/li>\n\n\n\n<li><strong>Das mittlere Egertal<\/strong> in historischen Bildern<\/li>\n\n\n\n<li><strong>Das B\u00f6hmische Mittelgebirge<\/strong> mit dem Elbtal in historischen Bildern<\/li>\n\n\n\n<li>Die <strong>Geschichte der Deutschen in B\u00f6hmen<\/strong> <\/li>\n\n\n\n<li>Die <strong>untergegangenen Orte<\/strong> im B\u00f6hmischen Erzgebirge und dessen Vorland<\/li>\n\n\n\n<li>Die B\u00f6hmischen <strong>Orte rund um Olbernhau<\/strong> in historischen Bildern<\/li>\n\n\n\n<li><strong>Entlang des Grenzbaches Schweinitz<\/strong> auf b\u00f6hmischer Seite (historische Bilder der Grenzorte)<\/li>\n\n\n\n<li><strong>Komotau und Umland<\/strong> in historischen Bildern<\/li>\n\n\n\n<li>Eine Reise in historischen Bildern <strong>vom B\u00f6hmerwald bis zum Isergebirge<\/strong><\/li>\n\n\n\n<li>Das <strong>Duppauer Gebirge<\/strong> (Ortschaften heute fast komplett zerst\u00f6rt) in historischen Bildern<\/li>\n\n\n\n<li><strong>Rund um Tetschen-Bodenbach<\/strong> in historischen Bildern<\/li>\n<\/ul>\n\n\n\n<p class=\"has-medium-font-size\" style=\"font-style:normal;font-weight:500\">Weitere Vortr\u00e4ge mit Ihrer Wunschgegend in B\u00f6hmen nach Absprache \u2026.<\/p>\n","protected":false},"excerpt":{"rendered":"<p>Auswahl an Vortr\u00e4gen, die Sie buchen k\u00f6nnen. Die Dauer der Vortr\u00e4ge betr\u00e4gt 1,5 bis 2 Stunden inklusive einer kurzen Pause: Weitere Vortr\u00e4ge mit Ihrer Wunschgegend in B\u00f6hmen nach Absprache \u2026.<\/p>\n","protected":false},"author":1,"featured_media":0,"parent":0,"menu_order":0,"comment_status":"closed","ping_status":"closed","template":"","meta":{"footnotes":""},"class_list":["post-97","page","type-page","status-publish","hentry"],"_links":{"self":[{"href":"https:\/\/boehmerlangi.de\/index.php?rest_route=\/wp\/v2\/pages\/97","targetHints":{"allow":["GET"]}}],"collection":[{"href":"https:\/\/boehmerlangi.de\/index.php?rest_route=\/wp\/v2\/pages"}],"about":[{"href":"https:\/\/boehmerlangi.de\/index.php?rest_route=\/wp\/v2\/types\/page"}],"author":[{"embeddable":true,"href":"https:\/\/boehmerlangi.de\/index.php?rest_route=\/wp\/v2\/users\/1"}],"replies":[{"embeddable":true,"href":"https:\/\/boehmerlangi.de\/index.php?rest_route=%2Fwp%2Fv2%2Fcomments&post=97"}],"version-history":[{"count":10,"href":"https:\/\/boehmerlangi.de\/index.php?rest_route=\/wp\/v2\/pages\/97\/revisions"}],"predecessor-version":[{"id":429,"href":"https:\/\/boehmerlangi.de\/index.php?rest_route=\/wp\/v2\/pages\/97\/revisions\/429"}],"wp:attachment":[{"href":"https:\/\/boehmerlangi.de\/index.php?rest_route=%2Fwp%2Fv2%2Fmedia&parent=97"}],"curies":[{"name":"wp","href":"https:\/\/api.w.org\/{rel}","templated":true}]}}